{"id":1155,"date":"2025-11-19T10:37:44","date_gmt":"2025-11-19T10:37:44","guid":{"rendered":"https:\/\/kickass.fi\/mainostoimisto\/?page_id=1155"},"modified":"2025-11-19T11:06:02","modified_gmt":"2025-11-19T11:06:02","slug":"ostoikkuna","status":"publish","type":"page","link":"https:\/\/kickass.fi\/mainostoimisto\/ostoikkuna\/","title":{"rendered":"Ostoikkuna"},"content":{"rendered":"\t\t<div data-elementor-type=\"wp-page\" data-elementor-id=\"1155\" class=\"elementor elementor-1155\" data-elementor-post-type=\"page\">\n\t\t\t\t<div class=\"elementor-element elementor-element-b81f865 e-flex e-con-boxed e-con e-parent\" data-id=\"b81f865\" data-element_type=\"container\" data-e-type=\"container\">\n\t\t\t\t\t<div class=\"e-con-inner\">\n\t\t<div class=\"elementor-element elementor-element-f8f8798 e-con-full e-flex e-con e-child\" data-id=\"f8f8798\" data-element_type=\"container\" data-e-type=\"container\">\n\t\t\t\t<div class=\"elementor-element elementor-element-a64d44d elementor-widget elementor-widget-heading\" data-id=\"a64d44d\" data-element_type=\"widget\" data-e-type=\"widget\" data-settings=\"{&quot;motion_fx_motion_fx_mouse&quot;:&quot;yes&quot;,&quot;motion_fx_tilt_effect&quot;:&quot;yes&quot;,&quot;motion_fx_tilt_speed&quot;:{&quot;unit&quot;:&quot;px&quot;,&quot;size&quot;:1,&quot;sizes&quot;:[]}}\" data-widget_type=\"heading.default\">\n\t\t\t\t\t<h2 class=\"elementor-heading-title elementor-size-default\">OSTOIKKUNA<\/h2>\t\t\t\t<\/div>\n\t\t\t\t<div class=\"elementor-element elementor-element-fde24d4 elementor-widget__width-inherit elementor-widget elementor-widget-text-editor\" data-id=\"fde24d4\" data-element_type=\"widget\" data-e-type=\"widget\" data-widget_type=\"text-editor.default\">\n\t\t\t\t\t\t\t\t\t<p class=\"p1\">Asiakkaan <span class=\"s1\"><b>ostoikkuna<\/b><\/span> (engl. <i>buying window<\/i>) tarkoittaa <span class=\"s1\"><b>hetke\u00e4 tai ajanjaksoa<\/b><\/span>, jolloin asiakas on valmiimpi ostamaan \u2014 eli h\u00e4nen tarpeensa, motivaationsa ja mielentilansa ovat kohdillaan.<\/p><p class=\"p1\">Se on siis <span class=\"s1\"><b>ostohalukkuuden huippukohta<\/b><\/span>, jolloin asiakas on vastaanottavaisimmillaan markkinoinnille ja myyntiviesteille.<\/p>\t\t\t\t\t\t\t\t<\/div>\n\t\t\t\t<\/div>\n\t\t\t\t\t<\/div>\n\t\t\t\t<\/div>\n\t\t<div class=\"elementor-element elementor-element-3fe19a5 e-flex e-con-boxed e-con e-parent\" data-id=\"3fe19a5\" data-element_type=\"container\" data-e-type=\"container\" data-settings=\"{&quot;background_background&quot;:&quot;classic&quot;,&quot;shape_divider_top&quot;:&quot;triangle&quot;,&quot;shape_divider_bottom&quot;:&quot;triangle&quot;,&quot;shape_divider_bottom_negative&quot;:&quot;yes&quot;}\">\n\t\t\t\t\t<div class=\"e-con-inner\">\n\t\t\t\t<div class=\"elementor-shape elementor-shape-top\" aria-hidden=\"true\" data-negative=\"false\">\n\t\t\t<svg xmlns=\"http:\/\/www.w3.org\/2000\/svg\" viewBox=\"0 0 1000 100\" preserveAspectRatio=\"none\">\n\t<path class=\"elementor-shape-fill\" d=\"M500,98.9L0,6.1V0h1000v6.1L500,98.9z\"\/>\n<\/svg>\t\t<\/div>\n\t\t\t\t<div class=\"elementor-shape elementor-shape-bottom\" aria-hidden=\"true\" data-negative=\"true\">\n\t\t\t<svg xmlns=\"http:\/\/www.w3.org\/2000\/svg\" viewBox=\"0 0 1000 100\" preserveAspectRatio=\"none\">\n\t<path class=\"elementor-shape-fill\" d=\"M500.2,94.7L0,0v100h1000V0L500.2,94.7z\"\/>\n<\/svg>\t\t<\/div>\n\t\t<div class=\"elementor-element elementor-element-1cde2e9 e-con-full e-flex e-con e-child\" data-id=\"1cde2e9\" data-element_type=\"container\" data-e-type=\"container\">\n\t\t\t\t<div class=\"elementor-element elementor-element-2677373 elementor-widget elementor-widget-heading\" data-id=\"2677373\" data-element_type=\"widget\" data-e-type=\"widget\" data-widget_type=\"heading.default\">\n\t\t\t\t\t<h3 class=\"elementor-heading-title elementor-size-default\">MIK\u00c4 ON<\/h3>\t\t\t\t<\/div>\n\t\t\t\t<div class=\"elementor-element elementor-element-ca8d6fd elementor-widget elementor-widget-heading\" data-id=\"ca8d6fd\" data-element_type=\"widget\" data-e-type=\"widget\" data-settings=\"{&quot;motion_fx_motion_fx_mouse&quot;:&quot;yes&quot;,&quot;motion_fx_tilt_effect&quot;:&quot;yes&quot;,&quot;motion_fx_tilt_speed&quot;:{&quot;unit&quot;:&quot;px&quot;,&quot;size&quot;:1,&quot;sizes&quot;:[]}}\" data-widget_type=\"heading.default\">\n\t\t\t\t\t<h2 class=\"elementor-heading-title elementor-size-default\">Ostoikkuna?<\/h2>\t\t\t\t<\/div>\n\t\t\t\t<div class=\"elementor-element elementor-element-daf00b3 elementor-widget__width-inherit elementor-widget elementor-widget-text-editor\" data-id=\"daf00b3\" data-element_type=\"widget\" data-e-type=\"widget\" data-widget_type=\"text-editor.default\">\n\t\t\t\t\t\t\t\t\t<p class=\"p1\"><span class=\"s1\">Ostoikkuna on <\/span><b>aikaikkuna, jolloin asiakas pohtii aktiivisesti ostoaan<\/b><span class=\"s1\"> tai on valmis tekem\u00e4\u00e4n p\u00e4\u00e4t\u00f6ksen.<\/span><\/p><p class=\"p3\">Esimerkkej\u00e4:<\/p><ul><li><p class=\"p1\">Kun autosta hajoaa kytkin \u2192 ostoikkuna korjaamolle = muutama p\u00e4iv\u00e4<\/p><\/li><li><p class=\"p1\">Kun lapsi aloittaa harrastuksen \u2192 urheiluv\u00e4lineiden ostoikkuna = 1\u20132 viikkoa<\/p><\/li><li><p class=\"p1\">Kun yritys listaa budjettia vuodelle \u2192 B2B-palveluiden ostoikkuna = yleens\u00e4 Q3\u2013Q4<\/p><\/li><li><p class=\"p1\">Kun yrityksest\u00e4 irtisanoutuu ty\u00f6ntekij\u00e4 \u2192 rekrypalvelujen ostoikkuna = v\u00e4lit\u00f6n<\/p><\/li><\/ul><p class=\"p3\">Ostoikkuna voi olla:<\/p><ul><li><p class=\"p1\"><span class=\"s1\"><b>V\u00e4lit\u00f6n<\/b><\/span> (akuutti tarve \u2192 nopea p\u00e4\u00e4t\u00f6s)<\/p><\/li><li><p class=\"p1\"><span class=\"s1\"><b>Lyhyt<\/b><\/span> (asiakas etsii ratkaisuja 1\u20132 viikon ajan)<\/p><\/li><li><p class=\"p1\"><span class=\"s1\"><b>Pitk\u00e4<\/b><\/span> (B2B: kuukausien p\u00e4\u00e4t\u00f6ksenteko, kilpailutukset jne.)<\/p><\/li><\/ul>\t\t\t\t\t\t\t\t<\/div>\n\t\t\t\t<\/div>\n\t\t\t\t\t<\/div>\n\t\t\t\t<\/div>\n\t\t<div class=\"elementor-element elementor-element-1f416ec e-flex e-con-boxed e-con e-parent\" data-id=\"1f416ec\" data-element_type=\"container\" data-e-type=\"container\">\n\t\t\t\t\t<div class=\"e-con-inner\">\n\t\t<div class=\"elementor-element elementor-element-73bef72 e-con-full e-flex e-con e-child\" data-id=\"73bef72\" data-element_type=\"container\" data-e-type=\"container\">\n\t\t\t\t<div class=\"elementor-element elementor-element-b01ec2f elementor-widget elementor-widget-heading\" data-id=\"b01ec2f\" data-element_type=\"widget\" data-e-type=\"widget\" data-widget_type=\"heading.default\">\n\t\t\t\t\t<h3 class=\"elementor-heading-title elementor-size-default\">MIKSI OSTOIKKUNA ON<\/h3>\t\t\t\t<\/div>\n\t\t\t\t<div class=\"elementor-element elementor-element-6db5920 elementor-widget elementor-widget-heading\" data-id=\"6db5920\" data-element_type=\"widget\" data-e-type=\"widget\" data-settings=\"{&quot;motion_fx_motion_fx_mouse&quot;:&quot;yes&quot;,&quot;motion_fx_tilt_effect&quot;:&quot;yes&quot;,&quot;motion_fx_tilt_speed&quot;:{&quot;unit&quot;:&quot;px&quot;,&quot;size&quot;:1,&quot;sizes&quot;:[]}}\" data-widget_type=\"heading.default\">\n\t\t\t\t\t<h2 class=\"elementor-heading-title elementor-size-default\">T\u00c4RKE\u00c4<\/h2>\t\t\t\t<\/div>\n\t\t\t\t<div class=\"elementor-element elementor-element-da93ef9 elementor-widget__width-inherit elementor-widget elementor-widget-text-editor\" data-id=\"da93ef9\" data-element_type=\"widget\" data-e-type=\"widget\" data-widget_type=\"text-editor.default\">\n\t\t\t\t\t\t\t\t\t<p class=\"p1\"><span class=\"s1\">Koska <\/span><b>90 % ajasta asiakas EI ole ostomoodissa<\/b><span class=\"s1\">.<\/span><\/p>\n<p class=\"p3\">Kun markkinointi ajoitetaan ostoikkunaan:<\/p>\n<ul>\n<li>\n<p class=\"p1\">mainokset tuntuvat \u201ct\u00e4sm\u00e4llisilt\u00e4\u201d<\/p>\n<\/li>\n<li>\n<p class=\"p1\">asiakas reagoi ja konvertoi paremmin<\/p>\n<\/li>\n<li>\n<p class=\"p1\">sama markkinointibudjetti tuottaa enemm\u00e4n myynti\u00e4<\/p>\n<\/li>\n<li>\n<p class=\"p1\">kilpailijoiden ohi on helppo p\u00e4\u00e4st\u00e4, jos olet n\u00e4kyviss\u00e4 juuri silloin<\/p>\n<\/li>\n<\/ul>\t\t\t\t\t\t\t\t<\/div>\n\t\t\t\t<\/div>\n\t\t\t\t\t<\/div>\n\t\t\t\t<\/div>\n\t\t<div class=\"elementor-element elementor-element-5d8f953 e-flex e-con-boxed e-con e-parent\" data-id=\"5d8f953\" data-element_type=\"container\" data-e-type=\"container\" data-settings=\"{&quot;background_background&quot;:&quot;classic&quot;,&quot;shape_divider_top&quot;:&quot;triangle&quot;,&quot;shape_divider_bottom&quot;:&quot;triangle&quot;,&quot;shape_divider_bottom_negative&quot;:&quot;yes&quot;}\">\n\t\t\t\t\t<div class=\"e-con-inner\">\n\t\t\t\t<div class=\"elementor-shape elementor-shape-top\" aria-hidden=\"true\" data-negative=\"false\">\n\t\t\t<svg xmlns=\"http:\/\/www.w3.org\/2000\/svg\" viewBox=\"0 0 1000 100\" preserveAspectRatio=\"none\">\n\t<path class=\"elementor-shape-fill\" d=\"M500,98.9L0,6.1V0h1000v6.1L500,98.9z\"\/>\n<\/svg>\t\t<\/div>\n\t\t\t\t<div class=\"elementor-shape elementor-shape-bottom\" aria-hidden=\"true\" data-negative=\"true\">\n\t\t\t<svg xmlns=\"http:\/\/www.w3.org\/2000\/svg\" viewBox=\"0 0 1000 100\" preserveAspectRatio=\"none\">\n\t<path class=\"elementor-shape-fill\" d=\"M500.2,94.7L0,0v100h1000V0L500.2,94.7z\"\/>\n<\/svg>\t\t<\/div>\n\t\t<div class=\"elementor-element elementor-element-c99b51b e-con-full e-flex e-con e-child\" data-id=\"c99b51b\" data-element_type=\"container\" data-e-type=\"container\">\n\t\t\t\t<div class=\"elementor-element elementor-element-5d3b039 elementor-widget elementor-widget-heading\" data-id=\"5d3b039\" data-element_type=\"widget\" data-e-type=\"widget\" data-widget_type=\"heading.default\">\n\t\t\t\t\t<h3 class=\"elementor-heading-title elementor-size-default\">MITEN YRITYS HUOMIO OSTOIKKUNAN MARKKINOINNISSA<\/h3>\t\t\t\t<\/div>\n\t\t\t\t<div class=\"elementor-element elementor-element-f17716c elementor-widget elementor-widget-heading\" data-id=\"f17716c\" data-element_type=\"widget\" data-e-type=\"widget\" data-settings=\"{&quot;motion_fx_motion_fx_mouse&quot;:&quot;yes&quot;,&quot;motion_fx_tilt_effect&quot;:&quot;yes&quot;,&quot;motion_fx_tilt_speed&quot;:{&quot;unit&quot;:&quot;px&quot;,&quot;size&quot;:1,&quot;sizes&quot;:[]}}\" data-widget_type=\"heading.default\">\n\t\t\t\t\t<h2 class=\"elementor-heading-title elementor-size-default\">?<\/h2>\t\t\t\t<\/div>\n\t\t\t\t<div class=\"elementor-element elementor-element-d1aff2f elementor-widget__width-inherit elementor-widget elementor-widget-text-editor\" data-id=\"d1aff2f\" data-element_type=\"widget\" data-e-type=\"widget\" data-widget_type=\"text-editor.default\">\n\t\t\t\t\t\t\t\t\t<h2><b>1) <\/b><b>Olemalla jatkuvasti pinnalla (brandimarkkinointi)<\/b><\/h2><p class=\"p3\">Koska et tied\u00e4 tarkalleen milloin ostoikkuna aukeaa, sinun t\u00e4ytyy olla:<\/p><ul><li><p class=\"p1\">n\u00e4kyvill\u00e4<\/p><\/li><li><p class=\"p1\">top-of-mindissa<\/p><\/li><li><p class=\"p1\">helposti muistettava<\/p><\/li><\/ul><p class=\"p3\">Kun ikkuna aukeaa \u2192 asiakas muistaa sinut.<\/p><p class=\"p3\">T\u00e4m\u00e4 on <i>br\u00e4ndin teht\u00e4v\u00e4<\/i>.<\/p><h2><b>2) <\/b><b>Seuraamalla signaaleja, jotka kertovat ostoikkunasta<\/b><\/h2><p class=\"p3\">Yritykset tunnistavat erilaisia \u201costoikkunan signaaleja\u201d:<\/p><h3><b>B2C-signaaleja<\/b><\/h3><ul><li><p class=\"p1\">hakukonehaut (\u201dhiustenleikkaus l\u00e4hell\u00e4\u201d, \u201dmattojen pesu\u201d)<\/p><\/li><li><p class=\"p1\">some-engagement (tykk\u00e4ys, kommentti, tallennus)<\/p><\/li><li><p class=\"p1\">retargetointi (asiakas k\u00e4vi verkkosivulla)<\/p><\/li><li><p class=\"p1\">el\u00e4m\u00e4ntilanteet (muutto, lapsi, uusi ty\u00f6)<\/p><\/li><\/ul><h3><b>B2B-signaaleja<\/b><\/h3><ul><li><p class=\"p1\">yrityksen rekrytoinnit<\/p><\/li><li><p class=\"p1\">YTJ-muutokset<\/p><\/li><li><p class=\"p1\">liikevaihdon kasvu\/pudotus<\/p><\/li><li><p class=\"p1\">tarjouspyynn\u00f6t<\/p><\/li><li><p class=\"p1\">budjettikausi<\/p><\/li><li><p class=\"p1\">myym\u00e4l\u00e4remontti tai uudelleenbr\u00e4nd\u00e4ys<\/p><\/li><\/ul><h2><b>3) <\/b><b>Ajoittamalla kampanjat ostoikkunoihin<\/b><\/h2><p class=\"p3\">Yritykset suunnittelevat markkinointia sesonkien mukaan:<\/p><ul><li><p class=\"p1\">Juhannus \u2192 grillit<\/p><\/li><li><p class=\"p1\">Syksy \u2192 harrastusv\u00e4lineet<\/p><\/li><li><p class=\"p1\">Loppuvuosi \u2192 yrityslahjat<\/p><\/li><li><p class=\"p1\">Budjettisyksy (Q3\u2013Q4) \u2192 B2B-palvelut<\/p><\/li><li><p class=\"p1\">Kev\u00e4t \u2192 remontointi<\/p><\/li><\/ul><p class=\"p3\">Markkinointi voimistuu, kun ostoikkuna l\u00e4hestyy.<\/p><h2><b>4)\u00a0<\/b><b style=\"color: inherit; font-family: inherit; font-size: 2rem;\">Automaatiot, jotka osuvat oikeaan aikaan<\/b><\/h2><p class=\"p3\">Hy\u00f6dyllisi\u00e4 automaatioita:<\/p><ul><li><p class=\"p1\">remarketing (k\u00e4ynyt sivulla \u2192 n\u00e4yt\u00e4 tarjous 48h sis\u00e4ll\u00e4)<\/p><\/li><li><p class=\"p1\">s\u00e4hk\u00f6postit (j\u00e4tt\u00e4nyt ostoskorin \u2192 muistutus)<\/p><\/li><li><p class=\"p1\">WhatsApp\/Telegram-liidien nurturointi<\/p><\/li><li><p class=\"p1\">drip-kampanjat (asiakas j\u00e4tti yhteystiedot \u2192 l\u00e4mpim\u00e4ksi vaiheittain)<\/p><\/li><\/ul><p class=\"p4\"><span class=\"s2\">N\u00e4m\u00e4 varmistavat, ett\u00e4 <\/span><b>markkinointi menee perille OIKEANA HETKEN\u00c4<\/b><span class=\"s2\">.<\/span><\/p><h2><b>5)\u00a0<\/b><b style=\"color: inherit; font-family: inherit; font-size: 2rem;\">Sis\u00e4lt\u00f6, joka tukee eri oston vaiheita<\/b><\/h2><p class=\"p3\">Yleisimm\u00e4t vaiheet:<\/p><ol start=\"1\"><li><p class=\"p1\"><b>Ongelman tunnistaminen<\/b><b><\/b><\/p><\/li><li><p class=\"p1\"><b>Vaihtoehtojen etsiminen<\/b><b><\/b><\/p><\/li><li><p class=\"p1\"><b>Vertailu<\/b><b><\/b><\/p><\/li><li><p class=\"p1\"><b>P\u00e4\u00e4t\u00f6s<\/b><\/p><\/li><\/ol><p class=\"p3\">Yritys tuottaa sis\u00e4lt\u00f6\u00e4 joka vaiheeseen, jotta asiakas saa juuri sen tiedon mit\u00e4 sill\u00e4 hetkell\u00e4 kaipaa.<\/p>\t\t\t\t\t\t\t\t<\/div>\n\t\t\t\t<\/div>\n\t\t\t\t\t<\/div>\n\t\t\t\t<\/div>\n\t\t<div class=\"elementor-element elementor-element-10f711e e-flex e-con-boxed e-con e-parent\" data-id=\"10f711e\" data-element_type=\"container\" data-e-type=\"container\">\n\t\t\t\t\t<div class=\"e-con-inner\">\n\t\t<div class=\"elementor-element elementor-element-a413050 e-con-full e-flex e-con e-child\" data-id=\"a413050\" data-element_type=\"container\" data-e-type=\"container\">\n\t\t\t\t<div class=\"elementor-element elementor-element-8946d27 elementor-widget elementor-widget-heading\" data-id=\"8946d27\" data-element_type=\"widget\" data-e-type=\"widget\" data-widget_type=\"heading.default\">\n\t\t\t\t\t<h3 class=\"elementor-heading-title elementor-size-default\">JA VIEL\u00c4<\/h3>\t\t\t\t<\/div>\n\t\t\t\t<div class=\"elementor-element elementor-element-edb9838 elementor-widget elementor-widget-heading\" data-id=\"edb9838\" data-element_type=\"widget\" data-e-type=\"widget\" data-settings=\"{&quot;motion_fx_motion_fx_mouse&quot;:&quot;yes&quot;,&quot;motion_fx_tilt_effect&quot;:&quot;yes&quot;,&quot;motion_fx_tilt_speed&quot;:{&quot;unit&quot;:&quot;px&quot;,&quot;size&quot;:1,&quot;sizes&quot;:[]}}\" data-widget_type=\"heading.default\">\n\t\t\t\t\t<h2 class=\"elementor-heading-title elementor-size-default\">Tiivistelm\u00e4<\/h2>\t\t\t\t<\/div>\n\t\t\t\t<div class=\"elementor-element elementor-element-151162e elementor-widget__width-inherit elementor-widget elementor-widget-text-editor\" data-id=\"151162e\" data-element_type=\"widget\" data-e-type=\"widget\" data-widget_type=\"text-editor.default\">\n\t\t\t\t\t\t\t\t\t<p class=\"p1\"><b>Ostoikkuna = se hetki, jolloin asiakas on valmis ostamaan.<\/b><b><\/b><\/p><p class=\"p3\">Yrityksen teht\u00e4v\u00e4:<\/p><ol start=\"1\"><li><p class=\"p1\">Olla jatkuvasti n\u00e4kyviss\u00e4 ennen kuin ikkuna avautuu<\/p><\/li><li><p class=\"p1\">Tunnistaa signaalit, jotka kertovat tulevasta ostohalukkuudesta<\/p><\/li><li><p class=\"p1\">Ajoittaa markkinointi ja tarjoukset juuri siihen hetkeen<\/p><\/li><li><p class=\"p1\">Hy\u00f6dynt\u00e4\u00e4 automaatioita ja retargetointia<\/p><\/li><li><p class=\"p1\">Tuottaa sis\u00e4lt\u00f6\u00e4, joka osuu asiakkaan senhetkiseen ostovaiheeseen<\/p><\/li><\/ol><p class=\"p3\">Kun yritys ymm\u00e4rt\u00e4\u00e4 ostoikkunan, sen <span class=\"s2\"><b>markkinointi tuntuu asiakkaasta t\u00e4sm\u00e4lliselt\u00e4<\/b><\/span> eik\u00e4 tyrkytt\u00e4v\u00e4lt\u00e4 \u2014 ja myynti kasvaa.<\/p>\t\t\t\t\t\t\t\t<\/div>\n\t\t\t\t<\/div>\n\t\t\t\t\t<\/div>\n\t\t\t\t<\/div>\n\t\t\t\t<\/div>\n\t\t","protected":false},"excerpt":{"rendered":"<p>OSTOIKKUNA Asiakkaan ostoikkuna (engl. buying window) tarkoittaa hetke\u00e4 tai ajanjaksoa, jolloin asiakas on valmiimpi ostamaan \u2014 eli h\u00e4nen tarpeensa, motivaationsa ja mielentilansa ovat kohdillaan. Se on siis ostohalukkuuden huippukohta, jolloin asiakas on vastaanottavaisimmillaan markkinoinnille ja myyntiviesteille. MIK\u00c4 ON Ostoikkuna? Ostoikkuna on aikaikkuna, jolloin asiakas pohtii aktiivisesti ostoaan tai on valmis tekem\u00e4\u00e4n p\u00e4\u00e4t\u00f6ksen. Esimerkkej\u00e4: Kun autosta [&hellip;]<\/p>\n","protected":false},"author":1,"featured_media":0,"parent":0,"menu_order":0,"comment_status":"closed","ping_status":"closed","template":"elementor_header_footer","meta":{"_acf_changed":false,"footnotes":""},"class_list":["post-1155","page","type-page","status-publish","hentry"],"acf":[],"jetpack_sharing_enabled":true,"_links":{"self":[{"href":"https:\/\/kickass.fi\/mainostoimisto\/wp-json\/wp\/v2\/pages\/1155","targetHints":{"allow":["GET"]}}],"collection":[{"href":"https:\/\/kickass.fi\/mainostoimisto\/wp-json\/wp\/v2\/pages"}],"about":[{"href":"https:\/\/kickass.fi\/mainostoimisto\/wp-json\/wp\/v2\/types\/page"}],"author":[{"embeddable":true,"href":"https:\/\/kickass.fi\/mainostoimisto\/wp-json\/wp\/v2\/users\/1"}],"replies":[{"embeddable":true,"href":"https:\/\/kickass.fi\/mainostoimisto\/wp-json\/wp\/v2\/comments?post=1155"}],"version-history":[{"count":7,"href":"https:\/\/kickass.fi\/mainostoimisto\/wp-json\/wp\/v2\/pages\/1155\/revisions"}],"predecessor-version":[{"id":1167,"href":"https:\/\/kickass.fi\/mainostoimisto\/wp-json\/wp\/v2\/pages\/1155\/revisions\/1167"}],"wp:attachment":[{"href":"https:\/\/kickass.fi\/mainostoimisto\/wp-json\/wp\/v2\/media?parent=1155"}],"curies":[{"name":"wp","href":"https:\/\/api.w.org\/{rel}","templated":true}]}}